{"id":107,"date":"2021-01-22T11:42:06","date_gmt":"2021-01-22T11:42:06","guid":{"rendered":"https:\/\/atelier-lecrinducuir.com\/contact\/"},"modified":"2026-02-06T15:43:23","modified_gmt":"2026-02-06T14:43:23","slug":"contact","status":"publish","type":"page","link":"https:\/\/atelier-lecrinducuir.com\/home\/contact\/","title":{"rendered":"Contact"},"content":{"rendered":"\t\t<div data-elementor-type=\"wp-page\" data-elementor-id=\"107\" class=\"elementor elementor-107\">\n\t\t\t\t\t\t<section class=\"elementor-section elementor-top-section elementor-element elementor-element-1d45a529 elementor-section-boxed elementor-section-height-default elementor-section-height-default\" data-id=\"1d45a529\" data-element_type=\"section\" data-e-type=\"section\" data-settings=\"{&quot;background_background&quot;:&quot;classic&quot;}\">\n\t\t\t\t\t\t<div class=\"elementor-container elementor-column-gap-no\">\n\t\t\t\t\t<div class=\"elementor-column elementor-col-100 elementor-top-column elementor-element elementor-element-540efca2\" data-id=\"540efca2\" data-element_type=\"column\" data-e-type=\"column\" data-settings=\"{&quot;background_background&quot;:&quot;gradient&quot;}\">\n\t\t\t<div class=\"elementor-widget-wrap elementor-element-populated\">\n\t\t\t\t\t\t<div class=\"elementor-element elementor-element-1c72814a e-transform elementor-widget elementor-widget-heading\" data-id=\"1c72814a\" data-element_type=\"widget\" data-e-type=\"widget\" data-settings=\"{&quot;_animation&quot;:&quot;none&quot;,&quot;_transform_scale_effect&quot;:{&quot;unit&quot;:&quot;px&quot;,&quot;size&quot;:1.2,&quot;sizes&quot;:[]},&quot;_transform_scale_effect_tablet&quot;:{&quot;unit&quot;:&quot;px&quot;,&quot;size&quot;:&quot;&quot;,&quot;sizes&quot;:[]},&quot;_transform_scale_effect_mobile&quot;:{&quot;unit&quot;:&quot;px&quot;,&quot;size&quot;:&quot;&quot;,&quot;sizes&quot;:[]}}\" data-widget_type=\"heading.default\">\n\t\t\t\t<div class=\"elementor-widget-container\">\n\t\t\t\t\t<h1 class=\"elementor-heading-title elementor-size-default\">Formulaire de contact<\/h1>\t\t\t\t<\/div>\n\t\t\t\t<\/div>\n\t\t\t\t<div class=\"elementor-element elementor-element-327f29c6 elementor-widget-divider--view-line elementor-widget elementor-widget-divider\" data-id=\"327f29c6\" data-element_type=\"widget\" data-e-type=\"widget\" data-widget_type=\"divider.default\">\n\t\t\t\t<div class=\"elementor-widget-container\">\n\t\t\t\t\t\t\t<div class=\"elementor-divider\">\n\t\t\t<span class=\"elementor-divider-separator\">\n\t\t\t\t\t\t<\/span>\n\t\t<\/div>\n\t\t\t\t\t\t<\/div>\n\t\t\t\t<\/div>\n\t\t\t\t\t<\/div>\n\t\t<\/div>\n\t\t\t\t\t<\/div>\n\t\t<\/section>\n\t\t\t\t<section class=\"elementor-section elementor-top-section elementor-element elementor-element-7cb5c1a elementor-section-boxed elementor-section-height-default elementor-section-height-default\" data-id=\"7cb5c1a\" data-element_type=\"section\" data-e-type=\"section\">\n\t\t\t\t\t\t<div class=\"elementor-container elementor-column-gap-no\">\n\t\t\t\t\t<div class=\"elementor-column elementor-col-50 elementor-top-column elementor-element elementor-element-7f3b430\" data-id=\"7f3b430\" data-element_type=\"column\" data-e-type=\"column\">\n\t\t\t<div class=\"elementor-widget-wrap elementor-element-populated\">\n\t\t\t\t\t\t<div class=\"elementor-element elementor-element-a04168a elementor-widget elementor-widget-heading\" data-id=\"a04168a\" data-element_type=\"widget\" data-e-type=\"widget\" data-widget_type=\"heading.default\">\n\t\t\t\t<div class=\"elementor-widget-container\">\n\t\t\t\t\t<h2 class=\"elementor-heading-title elementor-size-default\">Restons en contact !<\/h2>\t\t\t\t<\/div>\n\t\t\t\t<\/div>\n\t\t\t\t<div class=\"elementor-element elementor-element-2d03f39 elementor-widget-divider--view-line elementor-widget elementor-widget-divider\" data-id=\"2d03f39\" data-element_type=\"widget\" data-e-type=\"widget\" data-widget_type=\"divider.default\">\n\t\t\t\t<div class=\"elementor-widget-container\">\n\t\t\t\t\t\t\t<div class=\"elementor-divider\">\n\t\t\t<span class=\"elementor-divider-separator\">\n\t\t\t\t\t\t<\/span>\n\t\t<\/div>\n\t\t\t\t\t\t<\/div>\n\t\t\t\t<\/div>\n\t\t\t\t<div class=\"elementor-element elementor-element-833d15d elementor-widget elementor-widget-spacer\" data-id=\"833d15d\" data-element_type=\"widget\" data-e-type=\"widget\" data-widget_type=\"spacer.default\">\n\t\t\t\t<div class=\"elementor-widget-container\">\n\t\t\t\t\t\t\t<div class=\"elementor-spacer\">\n\t\t\t<div class=\"elementor-spacer-inner\"><\/div>\n\t\t<\/div>\n\t\t\t\t\t\t<\/div>\n\t\t\t\t<\/div>\n\t\t\t\t<div class=\"elementor-element elementor-element-82da765 elementor-widget elementor-widget-text-editor\" data-id=\"82da765\" data-element_type=\"widget\" data-e-type=\"widget\" data-widget_type=\"text-editor.default\">\n\t\t\t\t<div class=\"elementor-widget-container\">\n\t\t\t\t\t\t\t\t\t<p>Merci de cocher la ou les cases correspondantes \u00e0 votre demande.<\/p>\n<p>Vous pouvez \u00e9galement me contacter via les r\u00e9seaux sociaux Facebook et Instagram. Voir onglet A propos.<\/p>\n<p>Portable : 06.88.55.57.34<br>Email : atelier-lecrinducuir@outlook.fr<\/p>\t\t\t\t\t\t\t\t<\/div>\n\t\t\t\t<\/div>\n\t\t\t\t\t<\/div>\n\t\t<\/div>\n\t\t\t\t<div class=\"elementor-column elementor-col-50 elementor-top-column elementor-element elementor-element-369d786\" data-id=\"369d786\" data-element_type=\"column\" data-e-type=\"column\">\n\t\t\t<div class=\"elementor-widget-wrap elementor-element-populated\">\n\t\t\t\t\t\t<div class=\"elementor-element elementor-element-e053175 elementor-widget elementor-widget-shortcode\" data-id=\"e053175\" data-element_type=\"widget\" data-e-type=\"widget\" data-widget_type=\"shortcode.default\">\n\t\t\t\t<div class=\"elementor-widget-container\">\n\t\t\t\t\t\t\t<div class=\"elementor-shortcode\">\n<div class=\"wpcf7 no-js\" id=\"wpcf7-f4-o1\" lang=\"en-US\" dir=\"ltr\" data-wpcf7-id=\"4\">\n<div class=\"screen-reader-response\"><p role=\"status\" aria-live=\"polite\" aria-atomic=\"true\"><\/p> <ul><\/ul><\/div>\n<form action=\"\/home\/wp-json\/wp\/v2\/pages\/107#wpcf7-f4-o1\" method=\"post\" class=\"wpcf7-form init\" aria-label=\"Contact form\" novalidate=\"novalidate\" data-status=\"init\">\n<fieldset class=\"hidden-fields-container\"><input type=\"hidden\" name=\"_wpcf7\" value=\"4\" \/><input type=\"hidden\" name=\"_wpcf7_version\" value=\"6.1.5\" \/><input type=\"hidden\" name=\"_wpcf7_locale\" value=\"en_US\" \/><input type=\"hidden\" name=\"_wpcf7_unit_tag\" value=\"wpcf7-f4-o1\" \/><input type=\"hidden\" name=\"_wpcf7_container_post\" value=\"0\" \/><input type=\"hidden\" name=\"_wpcf7_posted_data_hash\" value=\"\" \/><input type=\"hidden\" name=\"_wpcf7_recaptcha_response\" value=\"\" \/>\n<\/fieldset>\n<p><span class=\"wpcf7-form-control-wrap\" data-name=\"your-name\"><input size=\"40\" maxlength=\"400\" class=\"wpcf7-form-control wpcf7-text wpcf7-validates-as-required\" aria-required=\"true\" aria-invalid=\"false\" placeholder=\"Votre Nom\" value=\"\" type=\"text\" name=\"your-name\" \/><\/span>\n<\/p>\n<p><span class=\"wpcf7-form-control-wrap\" data-name=\"your-email\"><input size=\"40\" maxlength=\"400\" class=\"wpcf7-form-control wpcf7-email wpcf7-validates-as-required wpcf7-text wpcf7-validates-as-email\" aria-required=\"true\" aria-invalid=\"false\" placeholder=\"Votre Email\" value=\"\" type=\"email\" name=\"your-email\" \/><\/span>\n<\/p>\n<p><span class=\"wpcf7-form-control-wrap\" data-name=\"your-subject\"><input size=\"40\" maxlength=\"400\" class=\"wpcf7-form-control wpcf7-text\" aria-invalid=\"false\" placeholder=\"Sujet\" value=\"\" type=\"text\" name=\"your-subject\" \/><\/span>\n<\/p>\n<p><span class=\"wpcf7-form-control-wrap\" data-name=\"your-message\"><textarea cols=\"40\" rows=\"10\" maxlength=\"2000\" class=\"wpcf7-form-control wpcf7-textarea\" aria-invalid=\"false\" placeholder=\"Message\" name=\"your-message\"><\/textarea><\/span>\n<\/p>\n<p><input class=\"wpcf7-form-control wpcf7-submit has-spinner\" type=\"submit\" value=\"Envoi\" \/>\n<\/p><div class=\"wpcf7-response-output\" aria-hidden=\"true\"><\/div>\n<\/form>\n<\/div>\n\n<\/div>\n\t\t\t\t\t\t<\/div>\n\t\t\t\t<\/div>\n\t\t\t\t\t<\/div>\n\t\t<\/div>\n\t\t\t\t\t<\/div>\n\t\t<\/section>\n\t\t\t\t<section class=\"elementor-section elementor-top-section elementor-element elementor-element-a34d9d8 elementor-section-boxed elementor-section-height-default elementor-section-height-default\" data-id=\"a34d9d8\" data-element_type=\"section\" data-e-type=\"section\">\n\t\t\t\t\t\t<div class=\"elementor-container elementor-column-gap-default\">\n\t\t\t\t\t<div class=\"elementor-column elementor-col-100 elementor-top-column elementor-element elementor-element-7890aef\" data-id=\"7890aef\" data-element_type=\"column\" data-e-type=\"column\">\n\t\t\t<div class=\"elementor-widget-wrap elementor-element-populated\">\n\t\t\t\t\t\t<div class=\"elementor-element elementor-element-1911331 elementor-widget elementor-widget-google_maps\" data-id=\"1911331\" data-element_type=\"widget\" data-e-type=\"widget\" data-widget_type=\"google_maps.default\">\n\t\t\t\t<div class=\"elementor-widget-container\">\n\t\t\t\t\t\t\t<div class=\"elementor-custom-embed\">\n\t\t\t<iframe loading=\"lazy\"\n\t\t\t\t\tsrc=\"https:\/\/maps.google.com\/maps?q=atelier%20l%27ecrin%20du%20cuir&#038;t=m&#038;z=10&#038;output=embed&#038;iwloc=near\"\n\t\t\t\t\ttitle=\"atelier l&#039;ecrin du cuir\"\n\t\t\t\t\taria-label=\"atelier l&#039;ecrin du cuir\"\n\t\t\t><\/iframe>\n\t\t<\/div>\n\t\t\t\t\t\t<\/div>\n\t\t\t\t<\/div>\n\t\t\t\t\t<\/div>\n\t\t<\/div>\n\t\t\t\t\t<\/div>\n\t\t<\/section>\n\t\t\t\t<\/div>\n\t\t","protected":false},"excerpt":{"rendered":"<p>Formulaire de contact Restons en contact ! Merci de cocher la ou les cases correspondantes \u00e0 votre demande. Vous pouvez \u00e9galement me contacter via les r\u00e9seaux sociaux Facebook et Instagram. Voir onglet A propos. Portable : 06.88.55.57.34Email : atelier-lecrinducuir@outlook.fr<\/p>\n","protected":false},"author":1,"featured_media":0,"parent":0,"menu_order":0,"comment_status":"closed","ping_status":"closed","template":"page-templates\/page-builder.php","meta":{"footnotes":""},"class_list":["post-107","page","type-page","status-publish","hentry"],"yoast_head":"<!-- This site is optimized with the Yoast SEO plugin v27.5 - https:\/\/yoast.com\/product\/yoast-seo-wordpress\/ -->\n<title>Contact - Atelier l&#039;Ecrin du cuir<\/title>\n<meta name=\"robots\" content=\"index, follow, max-snippet:-1, max-image-preview:large, max-video-preview:-1\" \/>\n<link rel=\"canonical\" href=\"https:\/\/atelier-lecrinducuir.com\/home\/contact\/\" \/>\n<meta property=\"og:locale\" content=\"fr_FR\" \/>\n<meta property=\"og:type\" content=\"article\" \/>\n<meta property=\"og:title\" content=\"Contact - Atelier l&#039;Ecrin du cuir\" \/>\n<meta property=\"og:description\" content=\"Formulaire de contact Restons en contact ! Merci de cocher la ou les cases correspondantes \u00e0 votre demande. Vous pouvez \u00e9galement me contacter via les r\u00e9seaux sociaux Facebook et Instagram. Voir onglet A propos. Portable : 06.88.55.57.34Email : atelier-lecrinducuir@outlook.fr\" \/>\n<meta property=\"og:url\" content=\"https:\/\/atelier-lecrinducuir.com\/home\/contact\/\" \/>\n<meta property=\"og:site_name\" content=\"Atelier l&#039;Ecrin du cuir\" \/>\n<meta property=\"article:modified_time\" content=\"2026-02-06T14:43:23+00:00\" \/>\n<meta name=\"twitter:label1\" content=\"Dur\u00e9e de lecture estim\u00e9e\" \/>\n\t<meta name=\"twitter:data1\" content=\"1 minute\" \/>\n<script type=\"application\/ld+json\" class=\"yoast-schema-graph\">{\"@context\":\"https:\\\/\\\/schema.org\",\"@graph\":[{\"@type\":\"WebPage\",\"@id\":\"https:\\\/\\\/atelier-lecrinducuir.com\\\/home\\\/contact\\\/\",\"url\":\"https:\\\/\\\/atelier-lecrinducuir.com\\\/home\\\/contact\\\/\",\"name\":\"Contact - Atelier l&#039;Ecrin du cuir\",\"isPartOf\":{\"@id\":\"https:\\\/\\\/atelier-lecrinducuir.com\\\/home\\\/#website\"},\"datePublished\":\"2021-01-22T11:42:06+00:00\",\"dateModified\":\"2026-02-06T14:43:23+00:00\",\"inLanguage\":\"fr-FR\",\"potentialAction\":[{\"@type\":\"ReadAction\",\"target\":[\"https:\\\/\\\/atelier-lecrinducuir.com\\\/home\\\/contact\\\/\"]}]},{\"@type\":\"WebSite\",\"@id\":\"https:\\\/\\\/atelier-lecrinducuir.com\\\/home\\\/#website\",\"url\":\"https:\\\/\\\/atelier-lecrinducuir.com\\\/home\\\/\",\"name\":\"Atelier l&#039;Ecrin du cuir\",\"description\":\"Artisan sellier-harnacheur \\\/ Ergonomie de l&#039;Equitation\",\"publisher\":{\"@id\":\"https:\\\/\\\/atelier-lecrinducuir.com\\\/home\\\/#organization\"},\"potentialAction\":[{\"@type\":\"SearchAction\",\"target\":{\"@type\":\"EntryPoint\",\"urlTemplate\":\"https:\\\/\\\/atelier-lecrinducuir.com\\\/home\\\/?s={search_term_string}\"},\"query-input\":{\"@type\":\"PropertyValueSpecification\",\"valueRequired\":true,\"valueName\":\"search_term_string\"}}],\"inLanguage\":\"fr-FR\"},{\"@type\":\"Organization\",\"@id\":\"https:\\\/\\\/atelier-lecrinducuir.com\\\/home\\\/#organization\",\"name\":\"Atelier l&#039;Ecrin du cuir\",\"url\":\"https:\\\/\\\/atelier-lecrinducuir.com\\\/home\\\/\",\"logo\":{\"@type\":\"ImageObject\",\"inLanguage\":\"fr-FR\",\"@id\":\"https:\\\/\\\/atelier-lecrinducuir.com\\\/home\\\/#\\\/schema\\\/logo\\\/image\\\/\",\"url\":\"https:\\\/\\\/atelier-lecrinducuir.com\\\/wp-content\\\/uploads\\\/2021\\\/01\\\/Sans-titre-1.png\",\"contentUrl\":\"https:\\\/\\\/atelier-lecrinducuir.com\\\/wp-content\\\/uploads\\\/2021\\\/01\\\/Sans-titre-1.png\",\"width\":1366,\"height\":768,\"caption\":\"Atelier l&#039;Ecrin du cuir\"},\"image\":{\"@id\":\"https:\\\/\\\/atelier-lecrinducuir.com\\\/home\\\/#\\\/schema\\\/logo\\\/image\\\/\"}}]}<\/script>\n<!-- \/ Yoast SEO plugin. -->","yoast_head_json":{"title":"Contact - Atelier l&#039;Ecrin du cuir","robots":{"index":"index","follow":"follow","max-snippet":"max-snippet:-1","max-image-preview":"max-image-preview:large","max-video-preview":"max-video-preview:-1"},"canonical":"https:\/\/atelier-lecrinducuir.com\/home\/contact\/","og_locale":"fr_FR","og_type":"article","og_title":"Contact - Atelier l&#039;Ecrin du cuir","og_description":"Formulaire de contact Restons en contact ! Merci de cocher la ou les cases correspondantes \u00e0 votre demande. Vous pouvez \u00e9galement me contacter via les r\u00e9seaux sociaux Facebook et Instagram. Voir onglet A propos. Portable : 06.88.55.57.34Email : atelier-lecrinducuir@outlook.fr","og_url":"https:\/\/atelier-lecrinducuir.com\/home\/contact\/","og_site_name":"Atelier l&#039;Ecrin du cuir","article_modified_time":"2026-02-06T14:43:23+00:00","twitter_misc":{"Dur\u00e9e de lecture estim\u00e9e":"1 minute"},"schema":{"@context":"https:\/\/schema.org","@graph":[{"@type":"WebPage","@id":"https:\/\/atelier-lecrinducuir.com\/home\/contact\/","url":"https:\/\/atelier-lecrinducuir.com\/home\/contact\/","name":"Contact - Atelier l&#039;Ecrin du cuir","isPartOf":{"@id":"https:\/\/atelier-lecrinducuir.com\/home\/#website"},"datePublished":"2021-01-22T11:42:06+00:00","dateModified":"2026-02-06T14:43:23+00:00","inLanguage":"fr-FR","potentialAction":[{"@type":"ReadAction","target":["https:\/\/atelier-lecrinducuir.com\/home\/contact\/"]}]},{"@type":"WebSite","@id":"https:\/\/atelier-lecrinducuir.com\/home\/#website","url":"https:\/\/atelier-lecrinducuir.com\/home\/","name":"Atelier l&#039;Ecrin du cuir","description":"Artisan sellier-harnacheur \/ Ergonomie de l&#039;Equitation","publisher":{"@id":"https:\/\/atelier-lecrinducuir.com\/home\/#organization"},"potentialAction":[{"@type":"SearchAction","target":{"@type":"EntryPoint","urlTemplate":"https:\/\/atelier-lecrinducuir.com\/home\/?s={search_term_string}"},"query-input":{"@type":"PropertyValueSpecification","valueRequired":true,"valueName":"search_term_string"}}],"inLanguage":"fr-FR"},{"@type":"Organization","@id":"https:\/\/atelier-lecrinducuir.com\/home\/#organization","name":"Atelier l&#039;Ecrin du cuir","url":"https:\/\/atelier-lecrinducuir.com\/home\/","logo":{"@type":"ImageObject","inLanguage":"fr-FR","@id":"https:\/\/atelier-lecrinducuir.com\/home\/#\/schema\/logo\/image\/","url":"https:\/\/atelier-lecrinducuir.com\/wp-content\/uploads\/2021\/01\/Sans-titre-1.png","contentUrl":"https:\/\/atelier-lecrinducuir.com\/wp-content\/uploads\/2021\/01\/Sans-titre-1.png","width":1366,"height":768,"caption":"Atelier l&#039;Ecrin du cuir"},"image":{"@id":"https:\/\/atelier-lecrinducuir.com\/home\/#\/schema\/logo\/image\/"}}]}},"_links":{"self":[{"href":"https:\/\/atelier-lecrinducuir.com\/home\/wp-json\/wp\/v2\/pages\/107","targetHints":{"allow":["GET"]}}],"collection":[{"href":"https:\/\/atelier-lecrinducuir.com\/home\/wp-json\/wp\/v2\/pages"}],"about":[{"href":"https:\/\/atelier-lecrinducuir.com\/home\/wp-json\/wp\/v2\/types\/page"}],"author":[{"embeddable":true,"href":"https:\/\/atelier-lecrinducuir.com\/home\/wp-json\/wp\/v2\/users\/1"}],"replies":[{"embeddable":true,"href":"https:\/\/atelier-lecrinducuir.com\/home\/wp-json\/wp\/v2\/comments?post=107"}],"version-history":[{"count":36,"href":"https:\/\/atelier-lecrinducuir.com\/home\/wp-json\/wp\/v2\/pages\/107\/revisions"}],"predecessor-version":[{"id":6449,"href":"https:\/\/atelier-lecrinducuir.com\/home\/wp-json\/wp\/v2\/pages\/107\/revisions\/6449"}],"wp:attachment":[{"href":"https:\/\/atelier-lecrinducuir.com\/home\/wp-json\/wp\/v2\/media?parent=107"}],"curies":[{"name":"wp","href":"https:\/\/api.w.org\/{rel}","templated":true}]}}